{"id":237,"date":"2015-05-06T15:52:44","date_gmt":"2015-05-06T13:52:44","guid":{"rendered":"http:\/\/siedlung-westend.com\/wordpress\/?page_id=237"},"modified":"2015-05-06T15:52:53","modified_gmt":"2015-05-06T13:52:53","slug":"terminvereinbarung","status":"publish","type":"page","link":"https:\/\/siedlung-westend.com\/wordpress\/kontakt\/terminvereinbarung\/","title":{"rendered":"Terminvereinbarung"},"content":{"rendered":"\n<div class=\"wpcf7 no-js\" id=\"wpcf7-f236-o1\" lang=\"de-DE\" dir=\"ltr\" data-wpcf7-id=\"236\">\n<div class=\"screen-reader-response\"><p role=\"status\" aria-live=\"polite\" aria-atomic=\"true\"><\/p> <ul><\/ul><\/div>\n<form action=\"\/wordpress\/wp-json\/wp\/v2\/pages\/237#wpcf7-f236-o1\" method=\"post\" class=\"wpcf7-form init\" aria-label=\"Kontaktformular\" novalidate=\"novalidate\" data-status=\"init\">\n<fieldset class=\"hidden-fields-container\"><input type=\"hidden\" name=\"_wpcf7\" value=\"236\" \/><input type=\"hidden\" name=\"_wpcf7_version\" value=\"6.1.5\" \/><input type=\"hidden\" name=\"_wpcf7_locale\" value=\"de_DE\" \/><input type=\"hidden\" name=\"_wpcf7_unit_tag\" value=\"wpcf7-f236-o1\" \/><input type=\"hidden\" name=\"_wpcf7_container_post\" value=\"0\" \/><input type=\"hidden\" name=\"_wpcf7_posted_data_hash\" value=\"\" \/>\n<\/fieldset>\n<p><br \/>\nLiebe Nachbarn,\n<\/p>\n<p>wir aktiven Unterst\u00fctzer unserer B\u00fcrgerinitiative zum Erhalt der Siedlung Westend, haben wie Sie einen durchgeplanten Alltag. F\u00fcr den Erhalt der Siedlung Westend ben\u00f6tigen wir jedoch von jedem Mieter etwas Zeit und Unterst\u00fctzung.\n<\/p>\n<p>Zu besseren Abstimmung haben wir dieses Formular zur Terminabstimmung erstellt, damit wir nach M\u00f6glichkeit \"alle\" erreichen k\u00f6nnen.\n<\/p>\n<p>Die Terminanfrage ist keine verbindliche Terminvereinbarung, wir setzen uns nach dem Absenden des Formulars mit Ihnen in Verbindung und stimmen dann einen konkreten Termin ab.\n<\/p>\n<p>Ihr Vor- und Nachname;\n<\/p>\n<p><span class=\"wpcf7-form-control-wrap\" data-name=\"vornachname\"><input size=\"30\" maxlength=\"400\" class=\"wpcf7-form-control wpcf7-text wpcf7-validates-as-required\" aria-required=\"true\" aria-invalid=\"false\" value=\"\" type=\"text\" name=\"vornachname\" \/><\/span>\n<\/p>\n<p>Ihre E-Mail-Adresse:\n<\/p>\n<p><span class=\"wpcf7-form-control-wrap\" data-name=\"email\"><input size=\"30\" maxlength=\"400\" class=\"wpcf7-form-control wpcf7-email wpcf7-validates-as-required wpcf7-text wpcf7-validates-as-email\" aria-required=\"true\" aria-invalid=\"false\" value=\"\" type=\"email\" name=\"email\" \/><\/span>\n<\/p>\n<p>Ihre Telefonnummer:\n<\/p>\n<p><span class=\"wpcf7-form-control-wrap\" data-name=\"telefonnummer\"><input size=\"30\" maxlength=\"400\" class=\"wpcf7-form-control wpcf7-text wpcf7-validates-as-required\" aria-required=\"true\" aria-invalid=\"false\" value=\"\" type=\"text\" name=\"telefonnummer\" \/><\/span>\n<\/p>\n<p>Betreff:\n<\/p>\n<p><span class=\"wpcf7-form-control-wrap\" data-name=\"menu-aktion\"><select class=\"wpcf7-form-control wpcf7-select wpcf7-validates-as-required\" aria-required=\"true\" aria-invalid=\"false\" name=\"menu-aktion\"><option value=\"Betriebs- und Heizkostenabrechnung 2013\">Betriebs- und Heizkostenabrechnung 2013<\/option><option value=\"Umfrage zum Neubau der Siedlung Westend\">Umfrage zum Neubau der Siedlung Westend<\/option><\/select><\/span>\n<\/p>\n<p>bevorzugter Wochentag (Mehrfachauswahl m\u00f6glich):\n<\/p>\n<p><span class=\"wpcf7-form-control-wrap\" data-name=\"checkbox-wochentag\"><span class=\"wpcf7-form-control wpcf7-checkbox wpcf7-validates-as-required\"><span class=\"wpcf7-list-item first\"><input type=\"checkbox\" name=\"checkbox-wochentag[]\" value=\"Montag\" \/><span class=\"wpcf7-list-item-label\">Montag<\/span><\/span><span class=\"wpcf7-list-item\"><input type=\"checkbox\" name=\"checkbox-wochentag[]\" value=\"Dienstag\" \/><span class=\"wpcf7-list-item-label\">Dienstag<\/span><\/span><span class=\"wpcf7-list-item\"><input type=\"checkbox\" name=\"checkbox-wochentag[]\" value=\"Mittwoch\" \/><span class=\"wpcf7-list-item-label\">Mittwoch<\/span><\/span><span class=\"wpcf7-list-item\"><input type=\"checkbox\" name=\"checkbox-wochentag[]\" value=\"Donnerstag\" \/><span class=\"wpcf7-list-item-label\">Donnerstag<\/span><\/span><span class=\"wpcf7-list-item\"><input type=\"checkbox\" name=\"checkbox-wochentag[]\" value=\"Freitag\" \/><span class=\"wpcf7-list-item-label\">Freitag<\/span><\/span><span class=\"wpcf7-list-item\"><input type=\"checkbox\" name=\"checkbox-wochentag[]\" value=\"Samstag\" \/><span class=\"wpcf7-list-item-label\">Samstag<\/span><\/span><span class=\"wpcf7-list-item last\"><input type=\"checkbox\" name=\"checkbox-wochentag[]\" value=\"Sonntag\" \/><span class=\"wpcf7-list-item-label\">Sonntag<\/span><\/span><\/span><\/span>\n<\/p>\n<p>bevorzugter Zeitraum (Mehrfachauswahl m\u00f6glich):\n<\/p>\n<p><span class=\"wpcf7-form-control-wrap\" data-name=\"checkbox-zeitraum\"><span class=\"wpcf7-form-control wpcf7-checkbox wpcf7-validates-as-required\"><span class=\"wpcf7-list-item first\"><input type=\"checkbox\" name=\"checkbox-zeitraum[]\" value=\"09:00 bis 12:00 Uhr\" \/><span class=\"wpcf7-list-item-label\">09:00 bis 12:00 Uhr<\/span><\/span><span class=\"wpcf7-list-item\"><input type=\"checkbox\" name=\"checkbox-zeitraum[]\" value=\"12:00 bis 16:00 Uhr\" \/><span class=\"wpcf7-list-item-label\">12:00 bis 16:00 Uhr<\/span><\/span><span class=\"wpcf7-list-item last\"><input type=\"checkbox\" name=\"checkbox-zeitraum[]\" value=\"16:00 bis 20:00 Uhr\" \/><span class=\"wpcf7-list-item-label\">16:00 bis 20:00 Uhr<\/span><\/span><\/span><\/span>\n<\/p>\n<p>kurze Nachricht:\n<\/p>\n<p><span class=\"wpcf7-form-control-wrap\" data-name=\"nachricht\"><textarea cols=\"20\" rows=\"5\" maxlength=\"2000\" class=\"wpcf7-form-control wpcf7-textarea\" aria-invalid=\"false\" name=\"nachricht\"><\/textarea><\/span>\n<\/p>\n<p><input type=\"hidden\" name=\"_wpcf7_captcha_challenge_captcha-104\" value=\"710624801\" \/><img loading=\"lazy\" decoding=\"async\" class=\"wpcf7-form-control wpcf7-captchac wpcf7-captcha-captcha-104\" width=\"72\" height=\"24\" alt=\"captcha\" src=\"https:\/\/siedlung-westend.com\/wordpress\/wp-content\/uploads\/wpcf7_captcha\/710624801.png\" \/>\n<\/p>\n<p>Bitte die oben angezeigte Buchstaben- und Zahlenkombination zur \u00dcberpr\u00fcfung eingeben: <span class=\"wpcf7-form-control-wrap\" data-name=\"captcha-104\"><input size=\"10\" class=\"wpcf7-form-control wpcf7-captchar\" autocomplete=\"off\" aria-invalid=\"false\" value=\"\" type=\"text\" name=\"captcha-104\" \/><\/span>\n<\/p>\n<p><input class=\"wpcf7-form-control wpcf7-submit has-spinner\" type=\"submit\" value=\"Terminanfrage absenden\" \/>\n<\/p><div class=\"wpcf7-response-output\" aria-hidden=\"true\"><\/div>\n<\/form>\n<\/div>\n\n","protected":false},"excerpt":{"rendered":"","protected":false},"author":3,"featured_media":0,"parent":92,"menu_order":0,"comment_status":"closed","ping_status":"open","template":"","meta":{"footnotes":""},"class_list":["post-237","page","type-page","status-publish","hentry"],"jetpack_sharing_enabled":true,"_links":{"self":[{"href":"https:\/\/siedlung-westend.com\/wordpress\/wp-json\/wp\/v2\/pages\/237","targetHints":{"allow":["GET"]}}],"collection":[{"href":"https:\/\/siedlung-westend.com\/wordpress\/wp-json\/wp\/v2\/pages"}],"about":[{"href":"https:\/\/siedlung-westend.com\/wordpress\/wp-json\/wp\/v2\/types\/page"}],"author":[{"embeddable":true,"href":"https:\/\/siedlung-westend.com\/wordpress\/wp-json\/wp\/v2\/users\/3"}],"replies":[{"embeddable":true,"href":"https:\/\/siedlung-westend.com\/wordpress\/wp-json\/wp\/v2\/comments?post=237"}],"version-history":[{"count":1,"href":"https:\/\/siedlung-westend.com\/wordpress\/wp-json\/wp\/v2\/pages\/237\/revisions"}],"predecessor-version":[{"id":239,"href":"https:\/\/siedlung-westend.com\/wordpress\/wp-json\/wp\/v2\/pages\/237\/revisions\/239"}],"up":[{"embeddable":true,"href":"https:\/\/siedlung-westend.com\/wordpress\/wp-json\/wp\/v2\/pages\/92"}],"wp:attachment":[{"href":"https:\/\/siedlung-westend.com\/wordpress\/wp-json\/wp\/v2\/media?parent=237"}],"curies":[{"name":"wp","href":"https:\/\/api.w.org\/{rel}","templated":true}]}}