{"id":12,"date":"2014-10-04T17:42:43","date_gmt":"2014-10-04T15:42:43","guid":{"rendered":"http:\/\/siedlung-westend.com\/wordpress\/?page_id=12"},"modified":"2016-08-28T20:45:23","modified_gmt":"2016-08-28T18:45:23","slug":"ueber-uns","status":"publish","type":"page","link":"https:\/\/siedlung-westend.com\/wordpress\/ueber-uns\/","title":{"rendered":"\u00dcber uns"},"content":{"rendered":"<h4><strong>\u00dcber uns und unsere Siedlung Westend<\/strong><\/h4>\n<p>&nbsp;<\/p>\n<p style=\"text-align: justify;\">Die ehemalige britische Siedlung Westend, im Eigentum der Eisenbahnsiedlungsgesellschaft mbH, verwaltet durch die Deutsche Wohnen Management GmbH, Mecklenburgische Str. 57, 14197 Berlin, soll nach den Vorstellungen der Muttergesellschaft Deutsche Wohnen AG abgerissen und danach verdichtet neu errichtet werden. Auch die H\u00e4user Heerstr. 110 und 112 (heute das \u201eJugendg\u00e4stehaus am Zoo\u201c) geh\u00f6ren zum Ensemble der urspr\u00fcnglichen britischen Siedlung Westend. Diese beiden H\u00e4user sind nach unserer Kenntnis jedoch nicht von dem geplanten Abriss betroffen und geh\u00f6ren auch nicht zu den von der Deutsche Wohnen Management GmbH verwalteten H\u00e4usern.<\/p>\n<p style=\"text-align: justify;\">Die von einem d\u00e4nischen Architektenb\u00fcro neu konzipierte Bebauung wurde von dem Vorstandsvorsitzenden der Deutsche Wohnen AG, Herrn Zahn, bereits dem Bauausschuss des Bezirks Charlottenburg-Wilmersdorf zur Kenntnis gebracht.<\/p>\n<p style=\"text-align: justify;\">Die von den britischen Alliierten konzipierte und in den 1950er Jahren f\u00fcr britische Unteroffiziere und ihre Familien erbaute Wohnsiedlung ist ein letztes <img loading=\"lazy\" decoding=\"async\" class=\"size-medium wp-image-1239 alignright\" src=\"https:\/\/siedlung-westend.com\/wordpress\/wp-content\/uploads\/2014\/10\/Siedlung_Westend_03-300x169.jpg\" alt=\"Siedlung_Westend_03\" width=\"300\" height=\"169\" srcset=\"https:\/\/siedlung-westend.com\/wordpress\/wp-content\/uploads\/2014\/10\/Siedlung_Westend_03-300x169.jpg 300w, https:\/\/siedlung-westend.com\/wordpress\/wp-content\/uploads\/2014\/10\/Siedlung_Westend_03-768x432.jpg 768w, https:\/\/siedlung-westend.com\/wordpress\/wp-content\/uploads\/2014\/10\/Siedlung_Westend_03-1024x576.jpg 1024w, https:\/\/siedlung-westend.com\/wordpress\/wp-content\/uploads\/2014\/10\/Siedlung_Westend_03.jpg 1328w\" sizes=\"auto, (max-width: 300px) 100vw, 300px\" \/>und \u00e4ltestes und somit traditionsreichstes zusammenh\u00e4ngendes Gebiet, welches an die Zeiten des britischen Sektors im ehemaligen West-Berlin erinnert. Unter anderem sind bereits die f\u00fcr britische Offiziere \u2013 ebenfalls in den 1950er Jahren \u2013 erbauten Einfamilien- und Doppelh\u00e4user z.B. in der Heerstr, 113\/129, Kiplingweg 4\/16, 13\/15, 19\/21, 20\/36, 25\/27, Kranzallee 40\/54 ebenfalls in 14055 Berlin als Britische Siedlung zu Kulturdenkm\u00e4lern ernannt worden.<\/p>\n<p style=\"text-align: justify;\">Die Siedlung Westend wird durch eine zweigeschossige Bebauung mit familiengerechten und bisher auch relativ preiswerten Mietwohnungen in weitl\u00e4ufiger Bauweise auf drei Grundst\u00fccken mit sehr viel Gr\u00fcn und teilweise noch altem Baumbestand des Berliner Grunewalds \u2013 von dem ein Teil f\u00fcr die damalige Bebauung gerodet wurde &#8211; gepr\u00e4gt. Es gibt hier drei und vier Zimmerwohnungen, jedes Haus besteht aus vier Mietparteien. Die Ruhe und Beschaulichkeit der Siedlung ist ideal f\u00fcr Familien mit Kindern, die hier ohne die allt\u00e4glichen Gefahren der Stadt aufwachsen k\u00f6nnen. Ideal auch f\u00fcr Senioren die hier ihren wohlverdienten Lebensabend genie\u00dfen k\u00f6nnen und die noch in Arbeit stehende Mieterschaft, die sich hier vom Alltag erholen kann. Vor allen Dingen sind die Mieten hier noch bezahlbar.<\/p>\n<p style=\"text-align: justify;\">A<img loading=\"lazy\" decoding=\"async\" class=\"size-medium wp-image-1238 alignleft\" src=\"https:\/\/siedlung-westend.com\/wordpress\/wp-content\/uploads\/2014\/10\/Siedlung_Westend_01-300x169.jpg\" alt=\"Siedlung_Westend_01\" width=\"300\" height=\"169\" srcset=\"https:\/\/siedlung-westend.com\/wordpress\/wp-content\/uploads\/2014\/10\/Siedlung_Westend_01-300x169.jpg 300w, https:\/\/siedlung-westend.com\/wordpress\/wp-content\/uploads\/2014\/10\/Siedlung_Westend_01-768x432.jpg 768w, https:\/\/siedlung-westend.com\/wordpress\/wp-content\/uploads\/2014\/10\/Siedlung_Westend_01-1024x576.jpg 1024w, https:\/\/siedlung-westend.com\/wordpress\/wp-content\/uploads\/2014\/10\/Siedlung_Westend_01.jpg 1328w\" sizes=\"auto, (max-width: 300px) 100vw, 300px\" \/>uf jedem der drei Grundst\u00fccke der Siedlung gibt es jeweils einen Spielplatz, der von den Kindern stark genutzt und auf dem generations\u00fcbergreifend miteinander gespielt wird. Wenn die vorhandenen Spielger\u00e4te nicht ausreichen, werden einfach die eigenen Spielh\u00e4user und Wippen f\u00fcr die Allgemeinheit zur aufgestellt.<\/p>\n<p style=\"text-align: justify;\">Die Hilfsbereitschaft der Nachbarn untereinander ist einzigartig. Wird ein alleinstehender Mieter z.B. krank, wird er von der gesamten Nachbarschaft mit allem versorgt, was er ben\u00f6tigt. F\u00fcr die Eink\u00e4ufe m\u00fcssen nur Bestellungen aufgegeben werden, ansonsten werden auch selbstgekochte H\u00fchnersuppe, Pizza oder Kuchen vorbeigebracht.<\/p>\n<p style=\"text-align: justify;\">Die W\u00e4sche wird auf den noch vorhandenen W\u00e4scheleinen im Freien hinter den H\u00e4usern getrocknet. Nicht nur die Hundebesitzer gehen miteinander spazieren, es gesellen sich auch junge Familien mit ihren Kindern zum Spaziergang dazu und wenn es n\u00f6tig wird, gehen die j\u00fcngeren Nachbarn mit den Hunden der \u00c4lteren spazieren oder nehmen die Hunde auch einmal f\u00fcr ein paar Tage in ihre Obhut.<\/p>\n<p style=\"text-align: justify;\">Vor die Wohnungst\u00fcren legt der Osterhase noch seine Ostereier, der Nikolaus f\u00fcllt die geputzen Schuhe und <strong><a href=\"http:\/\/siedlung-westend.com\/wordpress\/einmal-im-jahr-verwandelt-sich-die-siedlung-westend-in-eine-gespenstersiedlung\/\" target=\"_blank\">zu Halloween gruselt sich die ganze Siedlung gemeinsam, weil die Kinder \u201eS\u00fc\u00dfes\u201c einfordern sonst gibt es \u201eSaures\u201c<\/a><\/strong>.<\/p>\n<p style=\"text-align: justify;\">Bei sch\u00f6nem Wetter sitzen die Nachbarn vor den H\u00e4usern und verbringen die Nachmittage oder Abende gemeinsam.<\/p>\n<p style=\"text-align: justify;\">Insgesamt geben hier noch die Nachbarn wie selbstverst\u00e4ndlich &#8211; besonders auf die vielen Kinder &#8211; aufeinander Acht, ohne dass dieses jedoch f\u00fcr den Anderen l\u00e4stig ist.<\/p>\n<p style=\"text-align: justify;\">Und es werden in der Siedlung Westend keine Unterschiede gemacht wegen der Hautfarbe, der Herkunft, der Sprache, des Alters, der sexuellen Identit\u00e4t oder des Einkommens.<\/p>\n<p>Wir wollen auch nicht unsere tierischen Nachbarn vergessen und das funktionierende und \u00fcber die Jahrzehnte gewachsene \u00d6kosystem der Siedlung Westend. In der abendlichen D\u00e4mmerung kann man auf dem Balkon sitzend beobachten, wie die Flederm\u00e4use blitzschnell von einem Dach zum anderen und von einem Baumwipfel zum anderen fliegen.<\/p>\n<p style=\"text-align: justify;\">Es gibt hier Waldameisen, deren Zuhause von Mietern mit Absperrungen gegen wild parkende Autofahrer (bei Veranstaltungen des Olympiastadions und der Waldb\u00fchne) gesch\u00fctzt werden.<\/p>\n<p style=\"text-align: justify;\"><a href=\"https:\/\/www.youtube.com\/watch?v=czB_xnqTv58\" target=\"_blank\"><strong>Die vielen Eichh<img loading=\"lazy\" decoding=\"async\" class=\"alignnone size-medium wp-image-1240 alignleft\" src=\"https:\/\/siedlung-westend.com\/wordpress\/wp-content\/uploads\/2014\/10\/Siedlung_Westend_04-300x169.jpg\" alt=\"Siedlung_Westend_04\" width=\"300\" height=\"169\" srcset=\"https:\/\/siedlung-westend.com\/wordpress\/wp-content\/uploads\/2014\/10\/Siedlung_Westend_04-300x169.jpg 300w, https:\/\/siedlung-westend.com\/wordpress\/wp-content\/uploads\/2014\/10\/Siedlung_Westend_04-768x432.jpg 768w, https:\/\/siedlung-westend.com\/wordpress\/wp-content\/uploads\/2014\/10\/Siedlung_Westend_04-1024x576.jpg 1024w, https:\/\/siedlung-westend.com\/wordpress\/wp-content\/uploads\/2014\/10\/Siedlung_Westend_04.jpg 1328w\" sizes=\"auto, (max-width: 300px) 100vw, 300px\" \/>\u00f6rnchen finden hier Ihre Nistpl\u00e4tze und ein ruhiges Zuhause<\/strong>.<\/a> Die Artenvielfalt der Vogelwelt, wie Amsel, Drossel, Fink und <strong><a href=\"https:\/\/www.youtube.com\/watch?v=H6ZPr5xL0hc\" target=\"_blank\">Specht, ob gr\u00fcn oder bunt<\/a><\/strong>, ist dem Grunewald und dem in unmittelbarer N\u00e4he befindlichem \u201eNatura 2000\u201c Schutzgebiet zu verdanken. <strong><a href=\"https:\/\/www.youtube.com\/watch?v=qGjrdonekX8\" target=\"_blank\">Die Siedlung Westend geh\u00f6rt zum Jagdgebiet des Habichts und dieser ist daher hier regelm\u00e4\u00dfig zu beobachten.<\/a><\/strong><\/p>\n<p style=\"text-align: justify;\">Zu guter Letzt wollen wir nicht unsere Wildschweine vergessen, die wir zu allen Tages- und Nachtzeiten auf der Stra\u00dfe und in der Siedlung antreffen und die uns flei\u00dfig bei der Gartenpflege helfen indem sie regelm\u00e4\u00dfig die Grundst\u00fccke umgraben.<\/p>\n<p style=\"text-align: justify;\">All diese Tiere und noch einige mehr haben hier ihren nat\u00fcrlichen Lebensraum, denn es war ja einmal ein St\u00fcck vom Grunewald, dem \u201eNatura 2000\u201c-Schutzgebiet.<\/p>\n<p style=\"text-align: justify;\">Die Argumentation der Deutsche Wohnen AG, die Siedlung Westend sei nicht sanierbar, weil sie in einfacher Bauweise f\u00fcr die britischen Soldaten als Notunterk\u00fcnfte erbaut wurde, stimmt nicht. Vielmehr hat die Deutsche Wohnen AG seit sie die Siedlung verwaltet, seit dem Jahr 2005, alles unterlassen was dem Erhalt der Siedlung Westend dienlich sein k\u00f6nnte.<\/p>\n<p style=\"text-align: justify;\">Die von der Deutsche Wohnen AG gepla<img loading=\"lazy\" decoding=\"async\" class=\"size-medium wp-image-1241 alignright\" src=\"https:\/\/siedlung-westend.com\/wordpress\/wp-content\/uploads\/2014\/10\/Siedlung-Westend_02-300x169.jpg\" alt=\"Siedlung-Westend_02\" width=\"300\" height=\"169\" srcset=\"https:\/\/siedlung-westend.com\/wordpress\/wp-content\/uploads\/2014\/10\/Siedlung-Westend_02-300x169.jpg 300w, https:\/\/siedlung-westend.com\/wordpress\/wp-content\/uploads\/2014\/10\/Siedlung-Westend_02-768x432.jpg 768w, https:\/\/siedlung-westend.com\/wordpress\/wp-content\/uploads\/2014\/10\/Siedlung-Westend_02-1024x576.jpg 1024w, https:\/\/siedlung-westend.com\/wordpress\/wp-content\/uploads\/2014\/10\/Siedlung-Westend_02.jpg 1328w\" sizes=\"auto, (max-width: 300px) 100vw, 300px\" \/>nte Neugestaltung der Siedlung Westend dient ausschlie\u00dflich der Optimierung wirtschaftlicher Interessen und w\u00fcrde die derzeitigen Mieter aus ihren jetzigen Wohnungen vertreiben. Dieses mittlerweile seltene soziale Miteinander gibt es kaum noch in Charlottenburg-Wilmersdorf und gilt es zu bewahren und zu sch\u00fctzen.<\/p>\n<p style=\"text-align: justify;\"><strong>Unsere B\u00fcrgerinitiative fordert und k\u00e4mpft daher daf\u00fcr, dass das zerst\u00f6rende Bebauungsplanverfahren 4-59VE eingestellt und zum Erhalt der Siedlung Westend, das \u00fcber mehrere Jahrzehnte gewachsene\u00a0einzigartige Sozialgef\u00fcge bewahrt und unter \u201eMilieuschutz\u201c gestellt wird.<\/strong><\/p>\n<p style=\"text-align: justify;\"><strong>Internet: <a href=\"http:\/\/siedlung-westend.com\" target=\"_blank\">http:\/\/siedlung-westend.org<\/a><\/strong><\/p>\n","protected":false},"excerpt":{"rendered":"<p>\u00dcber uns und unsere Siedlung Westend &nbsp; Die ehemalige britische Siedlung Westend, im Eigentum der Eisenbahnsiedlungsgesellschaft mbH, verwaltet durch die Deutsche Wohnen Management GmbH, Mecklenburgische Str. 57, 14197 Berlin, soll <a class=\"more-link\" href=\"https:\/\/siedlung-westend.com\/wordpress\/ueber-uns\/\">Weiterlesen &rarr;<\/a><\/p>\n","protected":false},"author":3,"featured_media":0,"parent":0,"menu_order":0,"comment_status":"closed","ping_status":"closed","template":"","meta":{"footnotes":""},"class_list":["post-12","page","type-page","status-publish","hentry"],"jetpack_sharing_enabled":true,"_links":{"self":[{"href":"https:\/\/siedlung-westend.com\/wordpress\/wp-json\/wp\/v2\/pages\/12","targetHints":{"allow":["GET"]}}],"collection":[{"href":"https:\/\/siedlung-westend.com\/wordpress\/wp-json\/wp\/v2\/pages"}],"about":[{"href":"https:\/\/siedlung-westend.com\/wordpress\/wp-json\/wp\/v2\/types\/page"}],"author":[{"embeddable":true,"href":"https:\/\/siedlung-westend.com\/wordpress\/wp-json\/wp\/v2\/users\/3"}],"replies":[{"embeddable":true,"href":"https:\/\/siedlung-westend.com\/wordpress\/wp-json\/wp\/v2\/comments?post=12"}],"version-history":[{"count":26,"href":"https:\/\/siedlung-westend.com\/wordpress\/wp-json\/wp\/v2\/pages\/12\/revisions"}],"predecessor-version":[{"id":1253,"href":"https:\/\/siedlung-westend.com\/wordpress\/wp-json\/wp\/v2\/pages\/12\/revisions\/1253"}],"wp:attachment":[{"href":"https:\/\/siedlung-westend.com\/wordpress\/wp-json\/wp\/v2\/media?parent=12"}],"curies":[{"name":"wp","href":"https:\/\/api.w.org\/{rel}","templated":true}]}}