{"id":111,"date":"2014-11-18T23:16:56","date_gmt":"2014-11-18T21:16:56","guid":{"rendered":"http:\/\/siedlung-westend.com\/wordpress\/?page_id=111"},"modified":"2014-11-19T00:01:28","modified_gmt":"2014-11-18T22:01:28","slug":"leerstaende-melden","status":"publish","type":"page","link":"https:\/\/siedlung-westend.com\/wordpress\/umfragen-statistiken\/leerstaende-melden\/","title":{"rendered":"Leerst\u00e4nde melden"},"content":{"rendered":"<p>Seit dem 01.05.2014 ist das Zweckentfremdungsverbot-Gesetz (ZwVbG) in Kraft getreten.<\/p>\n<p>Das zust\u00e4ndige Vollzugsbeh\u00f6rde, das Bezirksamt Charlottenburg-Wilmersdorf, ist auf die Unterst\u00fctzung der Bev\u00f6lkerung angewiesen.<\/p>\n<p>&#8222;Ferienwohnungen&#8220;, leerstehende Wohnungen, welche pl\u00f6tzlich als Gewerbe genutzt werden, oder einfache Leerst\u00e4nde die seit dem 01.05.2014 oder fr\u00fcher bestehen sollten daher gemeldet werden.<\/p>\n<p>Melden kann man dies formlos unter Angabe der Anschrift und Lage (z.B. EG links) der Wohnung direkt an das <a href=\"https:\/\/www.berlin.de\/ba-charlottenburg-wilmersdorf\/allgemeine-inhalte\/formular.189196.php\" target=\"_blank\"> Bezirksamt Charlottenburg-Wilsmersdorf<\/a>. Entweder \u00fcber das <a href=\"https:\/\/www.berlin.de\/ba-charlottenburg-wilmersdorf\/allgemeine-inhalte\/formular.189196.php\" target=\"_blank\">Kontaktformular des Bezirksamt Charlottenburg-Wilmersdorf<\/a> oder per E-Mail an <a href=\"m&#97;&#x69;&#x6c;t&#111;&#58;&#x77;&#x6f;h&#110;&#x75;&#x6e;g&#115;&#97;&#x6d;&#x74;&#64;&#99;&#x68;&#x61;r&#108;&#111;&#x74;&#x74;e&#110;&#x62;&#x75;r&#103;&#45;&#x77;&#x69;l&#109;&#x65;&#x72;sd&#111;&#x72;&#x66;&#46;&#100;&#x65;\" target=\"_blank\">w&#111;&#104;&#x6e;&#x75;ng&#115;&#97;&#x6d;&#x74;&#64;c&#104;&#97;&#x72;&#x6c;ot&#116;&#x65;&#x6e;&#x62;u&#114;&#103;&#x2d;&#x77;&#x69;l&#109;&#101;&#x72;&#x73;&#x64;o&#114;&#102;&#x2e;&#x64;&#x65; <\/a><\/p>\n<p>Zus\u00e4tzlich bietet auch der Berliner Mieterverein ein Meldebogen an, dieser sollte dann ausgef\u00fcllt dem Berliner Mieterverein zugesandt werden.<\/p>\n<p><a href=\"http:\/\/www.berliner-mieterverein.de\/aktuell\/meldebogen-zweckentfremdung.pdf\" target=\"_blank\">Link zum Download des Meldebogen des BMV im PDF<\/a><\/p>\n<p>Sch\u00f6n w\u00e4re es wenn Ihr uns auch kurz \u00fcber das folgende Kontaktformular die Leerst\u00e4nde, welche vielleicht auch erst vor kurzem eingetreten sind, melden w\u00fcrdet. Wir k\u00f6nnen dieses dann nach Fristablauf der 6 Monate \u00fcberpr\u00fcfen und melden.<\/p>\n<p>Vielen Dank!<\/p>\n\n<div class=\"wpcf7 no-js\" id=\"wpcf7-f110-o1\" lang=\"de-DE\" dir=\"ltr\" data-wpcf7-id=\"110\">\n<div class=\"screen-reader-response\"><p role=\"status\" aria-live=\"polite\" aria-atomic=\"true\"><\/p> <ul><\/ul><\/div>\n<form action=\"\/wordpress\/wp-json\/wp\/v2\/pages\/111#wpcf7-f110-o1\" method=\"post\" class=\"wpcf7-form init\" aria-label=\"Kontaktformular\" novalidate=\"novalidate\" data-status=\"init\">\n<fieldset class=\"hidden-fields-container\"><input type=\"hidden\" name=\"_wpcf7\" value=\"110\" \/><input type=\"hidden\" name=\"_wpcf7_version\" value=\"6.1.5\" \/><input type=\"hidden\" name=\"_wpcf7_locale\" value=\"de_DE\" \/><input type=\"hidden\" name=\"_wpcf7_unit_tag\" value=\"wpcf7-f110-o1\" \/><input type=\"hidden\" name=\"_wpcf7_container_post\" value=\"0\" \/><input type=\"hidden\" name=\"_wpcf7_posted_data_hash\" value=\"\" \/>\n<\/fieldset>\n<p>Stra\u00dfenname + Hausnummer*\n<\/p>\n<p><span class=\"wpcf7-form-control-wrap\" data-name=\"str-hnr\"><input size=\"40\" maxlength=\"400\" class=\"wpcf7-form-control wpcf7-text wpcf7-validates-as-required\" aria-required=\"true\" aria-invalid=\"false\" value=\"\" type=\"text\" name=\"str-hnr\" \/><\/span>\n<\/p>\n<p>Lage der Wohnung (z.B. EG links)*\n<\/p>\n<p><span class=\"wpcf7-form-control-wrap\" data-name=\"lage\"><input size=\"40\" maxlength=\"400\" class=\"wpcf7-form-control wpcf7-text wpcf7-validates-as-required\" aria-required=\"true\" aria-invalid=\"false\" value=\"\" type=\"text\" name=\"lage\" \/><\/span>\n<\/p>\n<p>Leerstand seit: (z.B. 01.05.2014 oder 05-2014)*\n<\/p>\n<p><span class=\"wpcf7-form-control-wrap\" data-name=\"leerstand-seit\"><input size=\"40\" maxlength=\"400\" class=\"wpcf7-form-control wpcf7-text\" aria-invalid=\"false\" value=\"\" type=\"text\" name=\"leerstand-seit\" \/><\/span>\n<\/p>\n<p><input class=\"wpcf7-form-control wpcf7-submit has-spinner\" type=\"submit\" value=\"Senden\" \/>\n<\/p>\n<p>*=Pflichtfeld\n<\/p><div class=\"wpcf7-response-output\" aria-hidden=\"true\"><\/div>\n<\/form>\n<\/div>\n\n","protected":false},"excerpt":{"rendered":"<p>Seit dem 01.05.2014 ist das Zweckentfremdungsverbot-Gesetz (ZwVbG) in Kraft getreten. Das zust\u00e4ndige Vollzugsbeh\u00f6rde, das Bezirksamt Charlottenburg-Wilmersdorf, ist auf die Unterst\u00fctzung der Bev\u00f6lkerung angewiesen. &#8222;Ferienwohnungen&#8220;, leerstehende Wohnungen, welche pl\u00f6tzlich als Gewerbe <a class=\"more-link\" href=\"https:\/\/siedlung-westend.com\/wordpress\/umfragen-statistiken\/leerstaende-melden\/\">Weiterlesen &rarr;<\/a><\/p>\n","protected":false},"author":3,"featured_media":0,"parent":117,"menu_order":0,"comment_status":"closed","ping_status":"closed","template":"","meta":{"footnotes":""},"class_list":["post-111","page","type-page","status-publish","hentry"],"jetpack_sharing_enabled":true,"_links":{"self":[{"href":"https:\/\/siedlung-westend.com\/wordpress\/wp-json\/wp\/v2\/pages\/111","targetHints":{"allow":["GET"]}}],"collection":[{"href":"https:\/\/siedlung-westend.com\/wordpress\/wp-json\/wp\/v2\/pages"}],"about":[{"href":"https:\/\/siedlung-westend.com\/wordpress\/wp-json\/wp\/v2\/types\/page"}],"author":[{"embeddable":true,"href":"https:\/\/siedlung-westend.com\/wordpress\/wp-json\/wp\/v2\/users\/3"}],"replies":[{"embeddable":true,"href":"https:\/\/siedlung-westend.com\/wordpress\/wp-json\/wp\/v2\/comments?post=111"}],"version-history":[{"count":5,"href":"https:\/\/siedlung-westend.com\/wordpress\/wp-json\/wp\/v2\/pages\/111\/revisions"}],"predecessor-version":[{"id":125,"href":"https:\/\/siedlung-westend.com\/wordpress\/wp-json\/wp\/v2\/pages\/111\/revisions\/125"}],"up":[{"embeddable":true,"href":"https:\/\/siedlung-westend.com\/wordpress\/wp-json\/wp\/v2\/pages\/117"}],"wp:attachment":[{"href":"https:\/\/siedlung-westend.com\/wordpress\/wp-json\/wp\/v2\/media?parent=111"}],"curies":[{"name":"wp","href":"https:\/\/api.w.org\/{rel}","templated":true}]}}